{"id":181,"date":"2022-04-05T00:02:53","date_gmt":"2022-04-04T22:02:53","guid":{"rendered":"http:\/\/glos-ojca.pl\/?page_id=181"},"modified":"2022-04-05T00:11:41","modified_gmt":"2022-04-04T22:11:41","slug":"wspolne-wyjazdy","status":"publish","type":"page","link":"http:\/\/glos-ojca.pl\/index.php\/wspolne-wyjazdy\/","title":{"rendered":"Wsp\u00f3lne wyjazdy"},"content":{"rendered":"\n<section id=\"wp-block-themeisle-blocks-advanced-columns-dab9e0bf\" class=\"wp-block-themeisle-blocks-advanced-columns alignfull has-1-columns has-desktop-equal-layout has-tablet-equal-layout has-mobile-equal-layout has-vertical-flex-start\"><div class=\"wp-block-themeisle-blocks-advanced-columns-overlay\"><\/div><div class=\"innerblocks-wrap\">\n<div id=\"wp-block-themeisle-blocks-advanced-column-9df22226\" class=\"wp-block-themeisle-blocks-advanced-column\">\n<section id=\"wp-block-themeisle-blocks-advanced-columns-25c95699\" class=\"wp-block-themeisle-blocks-advanced-columns has-1-columns has-desktop-equal-layout has-tablet-equal-layout has-mobile-equal-layout has-vertical-flex-start\"><div class=\"wp-block-themeisle-blocks-advanced-columns-overlay\"><\/div><div class=\"innerblocks-wrap\">\n<div id=\"wp-block-themeisle-blocks-advanced-column-d4d9a4f8\" class=\"wp-block-themeisle-blocks-advanced-column\">\n<h2 class=\"has-text-align-center wp-block-heading\">J 5, 19<\/h2>\n\n\n\n<hr class=\"wp-block-separator has-text-color has-background has-black-background-color has-black-color\"\/>\n\n\n\n<p class=\"has-text-align-center\"><strong>W odpowiedzi na to Jezus im m\u00f3wi\u0142: \u00abZaprawd\u0119, zaprawd\u0119, powiadam wam:&nbsp; Syn nie mo\u017ce niczego czyni\u0107 sam z siebie, je\u015bli nie widzi Ojca czyni\u0105cego. Albowiem to samo, co On czyni, podobnie i Syn czyni.\u00bb<\/strong><\/p>\n<\/div>\n<\/div><\/section>\n\n\n\n<p>Jest to czas, w kt\u00f3rym organizujemy si\u0119 i wyje\u017cd\u017camy wsp\u00f3lnie z dzie\u0107mi. S\u0105 to zazwyczaj sp\u0142ywy kajakowe, po\u0142\u0105czone ze zorganizowaniem obozowiska, ogniskiem, d\u0142ugimi rozmowami i spaniem pod namiotami.<\/p>\n\n\n\n<section id=\"wp-block-themeisle-blocks-advanced-columns-b56443a0\" class=\"wp-block-themeisle-blocks-advanced-columns has-2-columns has-desktop-equal-layout has-tablet-equal-layout has-mobile-collapsedRows-layout has-vertical-flex-start\"><div class=\"wp-block-themeisle-blocks-advanced-columns-overlay\"><\/div><div class=\"innerblocks-wrap\">\n<div id=\"wp-block-themeisle-blocks-advanced-column-1bb9ffb4\" class=\"wp-block-themeisle-blocks-advanced-column\">\n<figure class=\"wp-block-image size-large\"><img loading=\"lazy\" decoding=\"async\" width=\"1024\" height=\"685\" src=\"http:\/\/glos-ojca.pl\/wp-content\/uploads\/2022\/04\/DSC5544-1024x685.jpg\" alt=\"\" class=\"wp-image-182\" srcset=\"http:\/\/glos-ojca.pl\/wp-content\/uploads\/2022\/04\/DSC5544-1024x685.jpg 1024w, http:\/\/glos-ojca.pl\/wp-content\/uploads\/2022\/04\/DSC5544-300x201.jpg 300w, http:\/\/glos-ojca.pl\/wp-content\/uploads\/2022\/04\/DSC5544-768x514.jpg 768w, http:\/\/glos-ojca.pl\/wp-content\/uploads\/2022\/04\/DSC5544-18x12.jpg 18w, http:\/\/glos-ojca.pl\/wp-content\/uploads\/2022\/04\/DSC5544-360x240.jpg 360w, http:\/\/glos-ojca.pl\/wp-content\/uploads\/2022\/04\/DSC5544.jpg 1200w\" sizes=\"auto, (max-width: 1024px) 100vw, 1024px\" \/><\/figure>\n<\/div>\n\n\n\n<div id=\"wp-block-themeisle-blocks-advanced-column-e0a218d6\" class=\"wp-block-themeisle-blocks-advanced-column\">\n<figure class=\"wp-block-image size-large\"><img loading=\"lazy\" decoding=\"async\" width=\"1024\" height=\"683\" src=\"http:\/\/glos-ojca.pl\/wp-content\/uploads\/2022\/03\/PG2_8391-1024x683.jpg\" alt=\"\" class=\"wp-image-156\" srcset=\"http:\/\/glos-ojca.pl\/wp-content\/uploads\/2022\/03\/PG2_8391-1024x683.jpg 1024w, http:\/\/glos-ojca.pl\/wp-content\/uploads\/2022\/03\/PG2_8391-300x200.jpg 300w, http:\/\/glos-ojca.pl\/wp-content\/uploads\/2022\/03\/PG2_8391-768x512.jpg 768w, http:\/\/glos-ojca.pl\/wp-content\/uploads\/2022\/03\/PG2_8391-18x12.jpg 18w, http:\/\/glos-ojca.pl\/wp-content\/uploads\/2022\/03\/PG2_8391-360x240.jpg 360w, http:\/\/glos-ojca.pl\/wp-content\/uploads\/2022\/03\/PG2_8391.jpg 1200w\" sizes=\"auto, (max-width: 1024px) 100vw, 1024px\" \/><\/figure>\n<\/div>\n<\/div><\/section>\n<\/div>\n<\/div><\/section>\n","protected":false},"excerpt":{"rendered":"","protected":false},"author":1,"featured_media":0,"parent":0,"menu_order":0,"comment_status":"closed","ping_status":"closed","template":"","meta":{"_themeisle_gutenberg_block_has_review":false,"footnotes":""},"class_list":["post-181","page","type-page","status-publish","hentry"],"_links":{"self":[{"href":"http:\/\/glos-ojca.pl\/index.php\/wp-json\/wp\/v2\/pages\/181","targetHints":{"allow":["GET"]}}],"collection":[{"href":"http:\/\/glos-ojca.pl\/index.php\/wp-json\/wp\/v2\/pages"}],"about":[{"href":"http:\/\/glos-ojca.pl\/index.php\/wp-json\/wp\/v2\/types\/page"}],"author":[{"embeddable":true,"href":"http:\/\/glos-ojca.pl\/index.php\/wp-json\/wp\/v2\/users\/1"}],"replies":[{"embeddable":true,"href":"http:\/\/glos-ojca.pl\/index.php\/wp-json\/wp\/v2\/comments?post=181"}],"version-history":[{"count":2,"href":"http:\/\/glos-ojca.pl\/index.php\/wp-json\/wp\/v2\/pages\/181\/revisions"}],"predecessor-version":[{"id":187,"href":"http:\/\/glos-ojca.pl\/index.php\/wp-json\/wp\/v2\/pages\/181\/revisions\/187"}],"wp:attachment":[{"href":"http:\/\/glos-ojca.pl\/index.php\/wp-json\/wp\/v2\/media?parent=181"}],"curies":[{"name":"wp","href":"https:\/\/api.w.org\/{rel}","templated":true}]}}