{"id":89,"date":"2022-03-30T18:38:00","date_gmt":"2022-03-30T16:38:00","guid":{"rendered":"http:\/\/glos-ojca.pl\/?page_id=89"},"modified":"2022-03-30T18:39:28","modified_gmt":"2022-03-30T16:39:28","slug":"jak-do-nas-dolaczyc","status":"publish","type":"page","link":"http:\/\/glos-ojca.pl\/index.php\/jak-do-nas-dolaczyc\/","title":{"rendered":"Jak do nas do\u0142\u0105czy\u0107?"},"content":{"rendered":"\n<div id=\"wp-block-themeisle-blocks-advanced-columns-656d90e5\" class=\"wp-block-themeisle-blocks-advanced-columns has-1-columns has-desktop-equal-layout has-tablet-equal-layout has-mobile-equal-layout has-vertical-unset\"><div class=\"wp-block-themeisle-blocks-advanced-columns-overlay\"><\/div><div class=\"innerblocks-wrap\">\n<div id=\"wp-block-themeisle-blocks-advanced-column-e074b74b\" class=\"wp-block-themeisle-blocks-advanced-column\">\n<p>Zanim przyjdziesz napisz na email wsp\u00f3lnoty, \u017ce zamierzasz nas odwiedzi\u0107, poniewa\u017c cz\u0119sto ze wzgl\u0119d\u00f3w bezpiecze\u0144stwa furtka prowadz\u0105ca na teren ko\u015bcio\u0142a jest zamkni\u0119ta. Spotkania s\u0105 we czwartek o godzinie 19.00 w salce.\u00a0Nie musisz nic m\u00f3wi\u0107, przygotowywa\u0107 si\u0119, b\u0105d\u017a wolny w tym co robisz. We\u017a ze sob\u0105 jedynie Pismo \u015awi\u0119te lub je\u015bli Ci\u00a0 wygodniej, we\u017a Pismo \u015awi\u0119te w telefonie.<\/p>\n\n\n\n<p><a href=\"mailto:wspolnota.glos.ojca@gmail.com\">wspolnota.glos.ojca@gmail.com<\/a><\/p>\n<\/div>\n<\/div><\/div>\n","protected":false},"excerpt":{"rendered":"","protected":false},"author":1,"featured_media":0,"parent":0,"menu_order":0,"comment_status":"closed","ping_status":"closed","template":"","meta":{"_themeisle_gutenberg_block_has_review":false,"footnotes":""},"class_list":["post-89","page","type-page","status-publish","hentry"],"_links":{"self":[{"href":"http:\/\/glos-ojca.pl\/index.php\/wp-json\/wp\/v2\/pages\/89","targetHints":{"allow":["GET"]}}],"collection":[{"href":"http:\/\/glos-ojca.pl\/index.php\/wp-json\/wp\/v2\/pages"}],"about":[{"href":"http:\/\/glos-ojca.pl\/index.php\/wp-json\/wp\/v2\/types\/page"}],"author":[{"embeddable":true,"href":"http:\/\/glos-ojca.pl\/index.php\/wp-json\/wp\/v2\/users\/1"}],"replies":[{"embeddable":true,"href":"http:\/\/glos-ojca.pl\/index.php\/wp-json\/wp\/v2\/comments?post=89"}],"version-history":[{"count":2,"href":"http:\/\/glos-ojca.pl\/index.php\/wp-json\/wp\/v2\/pages\/89\/revisions"}],"predecessor-version":[{"id":92,"href":"http:\/\/glos-ojca.pl\/index.php\/wp-json\/wp\/v2\/pages\/89\/revisions\/92"}],"wp:attachment":[{"href":"http:\/\/glos-ojca.pl\/index.php\/wp-json\/wp\/v2\/media?parent=89"}],"curies":[{"name":"wp","href":"https:\/\/api.w.org\/{rel}","templated":true}]}}