{"id":161,"date":"2022-04-04T23:32:28","date_gmt":"2022-04-04T21:32:28","guid":{"rendered":"http:\/\/glos-ojca.pl\/?page_id=161"},"modified":"2022-04-04T23:32:30","modified_gmt":"2022-04-04T21:32:30","slug":"warsztaty-sw-jozefa","status":"publish","type":"page","link":"https:\/\/glos-ojca.pl\/index.php\/warsztaty-sw-jozefa\/","title":{"rendered":"Warsztaty \u015bw. J\u00f3zefa."},"content":{"rendered":"\n<figure class=\"wp-block-pullquote\"><blockquote><p>Mt 25, 40 &#8211; \u00abZaprawd\u0119, powiadam wam: Wszystko, co uczynili\u015bcie jednemu z tych braci moich najmniejszych, Mnie\u015bcie uczynili.\u00bb<\/p><\/blockquote><\/figure>\n\n\n\n<p>Jest to tw\u00f3rczy czas, sp\u0119dzony z naszymi dzie\u0107mi oraz dzie\u0107mi z naszej parafii, jak r\u00f3wnie\u017c z parafii s\u0105siaduj\u0105cych. Uczymy najm\u0142odszych poprzez obs\u0142ug\u0119 r\u00f3\u017cnych maszyn, tw\u00f3rczej i zespo\u0142owej pracy (np. robili\u015bmy lampki, \u015bwieczniki, szachy od podstaw). W ramach tego czasu organizujemy zaj\u0119cia sportowe, zabawy na \u015bwie\u017cym powietrzu, a z czasem, pomys\u0142\u00f3w nam tylko przybywa. Jest to czas, w kt\u00f3rym r\u00f3wnie\u017c modlimy si\u0119 wraz z dzie\u0107mi wskazuj\u0105c, dzi\u0119ki Komu w tym czasie gromadzimy si\u0119.<\/p>\n\n\n\n<section id=\"wp-block-themeisle-blocks-advanced-columns-546fa8db\" class=\"wp-block-themeisle-blocks-advanced-columns alignfull has-2-columns has-desktop-equal-layout has-tablet-equal-layout has-mobile-collapsedRows-layout has-vertical-flex-start\"><div class=\"wp-block-themeisle-blocks-advanced-columns-overlay\"><\/div><div class=\"innerblocks-wrap\">\n<div id=\"wp-block-themeisle-blocks-advanced-column-5b750788\" class=\"wp-block-themeisle-blocks-advanced-column\">\n<figure class=\"wp-block-image size-large\"><img loading=\"lazy\" decoding=\"async\" width=\"1024\" height=\"576\" src=\"http:\/\/glos-ojca.pl\/wp-content\/uploads\/2022\/03\/20190518_110152-1024x576.jpg\" alt=\"\" class=\"wp-image-154\" srcset=\"https:\/\/glos-ojca.pl\/wp-content\/uploads\/2022\/03\/20190518_110152-1024x576.jpg 1024w, https:\/\/glos-ojca.pl\/wp-content\/uploads\/2022\/03\/20190518_110152-300x169.jpg 300w, https:\/\/glos-ojca.pl\/wp-content\/uploads\/2022\/03\/20190518_110152-768x432.jpg 768w, https:\/\/glos-ojca.pl\/wp-content\/uploads\/2022\/03\/20190518_110152-18x10.jpg 18w, https:\/\/glos-ojca.pl\/wp-content\/uploads\/2022\/03\/20190518_110152.jpg 1200w\" sizes=\"auto, (max-width: 1024px) 100vw, 1024px\" \/><\/figure>\n<\/div>\n\n\n\n<div id=\"wp-block-themeisle-blocks-advanced-column-01d9b290\" class=\"wp-block-themeisle-blocks-advanced-column\">\n<figure class=\"wp-block-image size-large\"><img loading=\"lazy\" decoding=\"async\" width=\"1024\" height=\"576\" src=\"http:\/\/glos-ojca.pl\/wp-content\/uploads\/2022\/03\/IMG-20190310-WA0018-1024x576.jpg\" alt=\"\" class=\"wp-image-145\" srcset=\"https:\/\/glos-ojca.pl\/wp-content\/uploads\/2022\/03\/IMG-20190310-WA0018-1024x576.jpg 1024w, https:\/\/glos-ojca.pl\/wp-content\/uploads\/2022\/03\/IMG-20190310-WA0018-300x169.jpg 300w, https:\/\/glos-ojca.pl\/wp-content\/uploads\/2022\/03\/IMG-20190310-WA0018-768x432.jpg 768w, https:\/\/glos-ojca.pl\/wp-content\/uploads\/2022\/03\/IMG-20190310-WA0018-18x10.jpg 18w, https:\/\/glos-ojca.pl\/wp-content\/uploads\/2022\/03\/IMG-20190310-WA0018.jpg 1200w\" sizes=\"auto, (max-width: 1024px) 100vw, 1024px\" \/><\/figure>\n<\/div>\n<\/div><\/section>\n","protected":false},"excerpt":{"rendered":"<p>Mt 25, 40 &#8211; \u00abZaprawd\u0119, powiadam wam: Wszystko, co uczynili\u015bcie jednemu z tych braci moich najmniejszych, Mnie\u015bcie uczynili.\u00bb Jest to tw\u00f3rczy czas, sp\u0119dzony z naszymi dzie\u0107mi oraz dzie\u0107mi z naszej parafii, jak r\u00f3wnie\u017c z parafii s\u0105siaduj\u0105cych. Uczymy najm\u0142odszych poprzez obs\u0142ug\u0119 r\u00f3\u017cnych maszyn, tw\u00f3rczej i zespo\u0142owej pracy (np. robili\u015bmy lampki, \u015bwieczniki, [&hellip;]<\/p>\n","protected":false},"author":1,"featured_media":0,"parent":0,"menu_order":0,"comment_status":"closed","ping_status":"closed","template":"","meta":{"_themeisle_gutenberg_block_has_review":false,"footnotes":""},"class_list":["post-161","page","type-page","status-publish","hentry"],"_links":{"self":[{"href":"https:\/\/glos-ojca.pl\/index.php\/wp-json\/wp\/v2\/pages\/161","targetHints":{"allow":["GET"]}}],"collection":[{"href":"https:\/\/glos-ojca.pl\/index.php\/wp-json\/wp\/v2\/pages"}],"about":[{"href":"https:\/\/glos-ojca.pl\/index.php\/wp-json\/wp\/v2\/types\/page"}],"author":[{"embeddable":true,"href":"https:\/\/glos-ojca.pl\/index.php\/wp-json\/wp\/v2\/users\/1"}],"replies":[{"embeddable":true,"href":"https:\/\/glos-ojca.pl\/index.php\/wp-json\/wp\/v2\/comments?post=161"}],"version-history":[{"count":1,"href":"https:\/\/glos-ojca.pl\/index.php\/wp-json\/wp\/v2\/pages\/161\/revisions"}],"predecessor-version":[{"id":162,"href":"https:\/\/glos-ojca.pl\/index.php\/wp-json\/wp\/v2\/pages\/161\/revisions\/162"}],"wp:attachment":[{"href":"https:\/\/glos-ojca.pl\/index.php\/wp-json\/wp\/v2\/media?parent=161"}],"curies":[{"name":"wp","href":"https:\/\/api.w.org\/{rel}","templated":true}]}}