{"id":165,"date":"2022-04-04T23:42:25","date_gmt":"2022-04-04T21:42:25","guid":{"rendered":"http:\/\/glos-ojca.pl\/?page_id=165"},"modified":"2022-04-04T23:42:26","modified_gmt":"2022-04-04T21:42:26","slug":"pielgrzymki","status":"publish","type":"page","link":"https:\/\/glos-ojca.pl\/index.php\/pielgrzymki\/","title":{"rendered":"Pielgrzymki"},"content":{"rendered":"\n<figure class=\"wp-block-pullquote\"><blockquote><p>\u0141k 18, 28-30 &#8211; W\u00f3wczas rzek\u0142 Piotr: \u00abOto my, opu\u015bciwszy swoj\u0105 w\u0142asno\u015b\u0107, poszli\u015bmy za Tob\u0105\u00bb.\u00a0 On im odpowiedzia\u0142: \u00abZaprawd\u0119, powiadam wam: Nikt nie opuszcza domu lub \u017cony, braci, rodzic\u00f3w lub dzieci dla kr\u00f3lestwa Bo\u017cego,\u00a0 \u017ceby nie otrzyma\u0142 daleko wi\u0119cej [jeszcze] w tym czasie, a w wieku przysz\u0142ym &#8211; \u017cycia wiecznego\u00bb.<\/p><\/blockquote><\/figure>\n\n\n\n<p>a. Coroczne piesze pielgrzymki\u00a0 z Pruszkowa z parafii Matki Bo\u017cej Nieustaj\u0105cej Pomocy do Niepokalanowa. Wychodzimy w \u015bwi\u0119to Niepokalanego Pocz\u0119cia Naj\u015bwi\u0119tszej Marii Panny, tj. 8 grudnia o 4.00 nad ranem, aby zd\u0105\u017cy\u0107 na Msz\u0119 \u015awi\u0119t\u0105 na godzin\u0119 11.00 w Bazylice. Jest to czas, wsp\u00f3lnej modlitwy, modlitwy w ciszy oraz wsp\u00f3lnych rozm\u00f3w, z kt\u00f3rych wychodzimy zawsze bogatsi. (Je\u015bli \u015bwi\u0119to wypada w ci\u0105gu tygodnia, decydujemy wcze\u015bniej, czy idziemy w weekend poprzedzaj\u0105cy to \u015bwi\u0119to czy w pierwszy weekend po tym \u015bwi\u0119cie)<\/p>\n\n\n\n<p>b. Droga Krzy\u017cowa &#8211; na wz\u00f3r EDK. Wychodzimy wsp\u00f3lnotowo z parafii Matki Bo\u017cej Nieustaj\u0105cej Pomocy w Pruszkowie oko\u0142o 21.00 i idziemy po\u0142\u0105czeni w modlitwie ca\u0142\u0105 noc. Stacjami drogi krzy\u017cowej s\u0105 parafie w Pruszkowie i wok\u00f3\u0142 Pruszkowa, takie jak parafia w Brwinowie, Podkowie Le\u015bnej, Nadarzynie czy Komorowie. Wychodzimy zawsze w pi\u0105tek, kt\u00f3ry poprzedza Wielki Pi\u0105tek.\u00a0<\/p>\n\n\n\n<section id=\"wp-block-themeisle-blocks-advanced-columns-dab9e0bf\" class=\"wp-block-themeisle-blocks-advanced-columns alignfull has-1-columns has-desktop-equal-layout has-tablet-equal-layout has-mobile-equal-layout has-vertical-flex-start\"><div class=\"wp-block-themeisle-blocks-advanced-columns-overlay\"><\/div><div class=\"innerblocks-wrap\">\n<div id=\"wp-block-themeisle-blocks-advanced-column-9df22226\" class=\"wp-block-themeisle-blocks-advanced-column\">\n<section id=\"wp-block-themeisle-blocks-advanced-columns-b56443a0\" class=\"wp-block-themeisle-blocks-advanced-columns has-2-columns has-desktop-equal-layout has-tablet-equal-layout has-mobile-collapsedRows-layout has-vertical-flex-start\"><div class=\"wp-block-themeisle-blocks-advanced-columns-overlay\"><\/div><div class=\"innerblocks-wrap\">\n<div id=\"wp-block-themeisle-blocks-advanced-column-1bb9ffb4\" class=\"wp-block-themeisle-blocks-advanced-column\">\n<figure class=\"wp-block-image size-large\"><img loading=\"lazy\" decoding=\"async\" width=\"1024\" height=\"576\" src=\"http:\/\/glos-ojca.pl\/wp-content\/uploads\/2022\/04\/20191208_130825-1024x576.jpg\" alt=\"\" class=\"wp-image-167\" srcset=\"https:\/\/glos-ojca.pl\/wp-content\/uploads\/2022\/04\/20191208_130825-1024x576.jpg 1024w, https:\/\/glos-ojca.pl\/wp-content\/uploads\/2022\/04\/20191208_130825-300x169.jpg 300w, https:\/\/glos-ojca.pl\/wp-content\/uploads\/2022\/04\/20191208_130825-768x432.jpg 768w, https:\/\/glos-ojca.pl\/wp-content\/uploads\/2022\/04\/20191208_130825-18x10.jpg 18w, https:\/\/glos-ojca.pl\/wp-content\/uploads\/2022\/04\/20191208_130825.jpg 1200w\" sizes=\"auto, (max-width: 1024px) 100vw, 1024px\" \/><\/figure>\n\n\n\n<div id=\"wp-block-themeisle-blocks-button-group-ef10a191\" class=\"wp-block-themeisle-blocks-button-group wp-block-buttons align-center\"><\/div>\n<\/div>\n\n\n\n<div id=\"wp-block-themeisle-blocks-advanced-column-e0a218d6\" class=\"wp-block-themeisle-blocks-advanced-column\">\n<figure class=\"wp-block-image size-large\"><img loading=\"lazy\" decoding=\"async\" width=\"1024\" height=\"576\" src=\"http:\/\/glos-ojca.pl\/wp-content\/uploads\/2022\/03\/20210320_001714-1024x576.jpg\" alt=\"\" class=\"wp-image-150\" srcset=\"https:\/\/glos-ojca.pl\/wp-content\/uploads\/2022\/03\/20210320_001714-1024x576.jpg 1024w, https:\/\/glos-ojca.pl\/wp-content\/uploads\/2022\/03\/20210320_001714-300x169.jpg 300w, https:\/\/glos-ojca.pl\/wp-content\/uploads\/2022\/03\/20210320_001714-768x432.jpg 768w, https:\/\/glos-ojca.pl\/wp-content\/uploads\/2022\/03\/20210320_001714-18x10.jpg 18w, https:\/\/glos-ojca.pl\/wp-content\/uploads\/2022\/03\/20210320_001714.jpg 1200w\" sizes=\"auto, (max-width: 1024px) 100vw, 1024px\" \/><\/figure>\n\n\n\n<div id=\"wp-block-themeisle-blocks-button-group-cae19be5\" class=\"wp-block-themeisle-blocks-button-group wp-block-buttons align-center\"><\/div>\n<\/div>\n<\/div><\/section>\n<\/div>\n<\/div><\/section>\n","protected":false},"excerpt":{"rendered":"<p>\u0141k 18, 28-30 &#8211; W\u00f3wczas rzek\u0142 Piotr: \u00abOto my, opu\u015bciwszy swoj\u0105 w\u0142asno\u015b\u0107, poszli\u015bmy za Tob\u0105\u00bb.\u00a0 On im odpowiedzia\u0142: \u00abZaprawd\u0119, powiadam wam: Nikt nie opuszcza domu lub \u017cony, braci, rodzic\u00f3w lub dzieci dla kr\u00f3lestwa Bo\u017cego,\u00a0 \u017ceby nie otrzyma\u0142 daleko wi\u0119cej [jeszcze] w tym czasie, a w wieku przysz\u0142ym &#8211; \u017cycia wiecznego\u00bb. [&hellip;]<\/p>\n","protected":false},"author":1,"featured_media":0,"parent":0,"menu_order":0,"comment_status":"closed","ping_status":"closed","template":"","meta":{"_themeisle_gutenberg_block_has_review":false,"footnotes":""},"class_list":["post-165","page","type-page","status-publish","hentry"],"_links":{"self":[{"href":"https:\/\/glos-ojca.pl\/index.php\/wp-json\/wp\/v2\/pages\/165","targetHints":{"allow":["GET"]}}],"collection":[{"href":"https:\/\/glos-ojca.pl\/index.php\/wp-json\/wp\/v2\/pages"}],"about":[{"href":"https:\/\/glos-ojca.pl\/index.php\/wp-json\/wp\/v2\/types\/page"}],"author":[{"embeddable":true,"href":"https:\/\/glos-ojca.pl\/index.php\/wp-json\/wp\/v2\/users\/1"}],"replies":[{"embeddable":true,"href":"https:\/\/glos-ojca.pl\/index.php\/wp-json\/wp\/v2\/comments?post=165"}],"version-history":[{"count":1,"href":"https:\/\/glos-ojca.pl\/index.php\/wp-json\/wp\/v2\/pages\/165\/revisions"}],"predecessor-version":[{"id":168,"href":"https:\/\/glos-ojca.pl\/index.php\/wp-json\/wp\/v2\/pages\/165\/revisions\/168"}],"wp:attachment":[{"href":"https:\/\/glos-ojca.pl\/index.php\/wp-json\/wp\/v2\/media?parent=165"}],"curies":[{"name":"wp","href":"https:\/\/api.w.org\/{rel}","templated":true}]}}