{"id":175,"date":"2022-04-04T23:55:56","date_gmt":"2022-04-04T21:55:56","guid":{"rendered":"http:\/\/glos-ojca.pl\/?page_id=175"},"modified":"2022-04-04T23:55:57","modified_gmt":"2022-04-04T21:55:57","slug":"agape","status":"publish","type":"page","link":"https:\/\/glos-ojca.pl\/index.php\/agape\/","title":{"rendered":"Agape"},"content":{"rendered":"\n<section id=\"wp-block-themeisle-blocks-advanced-columns-dab9e0bf\" class=\"wp-block-themeisle-blocks-advanced-columns alignfull has-1-columns has-desktop-equal-layout has-tablet-equal-layout has-mobile-equal-layout has-vertical-flex-start\"><div class=\"wp-block-themeisle-blocks-advanced-columns-overlay\"><\/div><div class=\"innerblocks-wrap\">\n<div id=\"wp-block-themeisle-blocks-advanced-column-9df22226\" class=\"wp-block-themeisle-blocks-advanced-column\">\n<section id=\"wp-block-themeisle-blocks-advanced-columns-25c95699\" class=\"wp-block-themeisle-blocks-advanced-columns has-1-columns has-desktop-equal-layout has-tablet-equal-layout has-mobile-equal-layout has-vertical-flex-start\"><div class=\"wp-block-themeisle-blocks-advanced-columns-overlay\"><\/div><div class=\"innerblocks-wrap\">\n<div id=\"wp-block-themeisle-blocks-advanced-column-d4d9a4f8\" class=\"wp-block-themeisle-blocks-advanced-column\">\n<h2 class=\"has-text-align-center wp-block-heading\">Dz 2, 46<\/h2>\n\n\n\n<hr class=\"wp-block-separator has-text-color has-background has-black-background-color has-black-color\"\/>\n\n\n\n<p class=\"has-text-align-center\"><strong>\u00abCodziennie trwali jednomy\u015blnie w \u015bwi\u0105tyni, a \u0142ami\u0105c chleb po domach, \u00a0 \u00a0 spo\u017cywali posi\u0142ek w rado\u015bci i prostocie serca.\u00bb<\/strong><\/p>\n<\/div>\n<\/div><\/section>\n\n\n\n<p>Jest to czas, w kt\u00f3rym zasiadamy z naszym Panem do wsp\u00f3lnego sto\u0142u w duchu jedno\u015bci i modlitwy. S\u0142uchamy S\u0142owa Bo\u017cego, rozwa\u017caj\u0105c Je, rozmawiaj\u0105c i jednocz\u0105c przy wsp\u00f3lnym posi\u0142ku.<\/p>\n\n\n\n<section id=\"wp-block-themeisle-blocks-advanced-columns-b56443a0\" class=\"wp-block-themeisle-blocks-advanced-columns has-2-columns has-desktop-equal-layout has-tablet-equal-layout has-mobile-collapsedRows-layout has-vertical-flex-start\"><div class=\"wp-block-themeisle-blocks-advanced-columns-overlay\"><\/div><div class=\"innerblocks-wrap\">\n<div id=\"wp-block-themeisle-blocks-advanced-column-1bb9ffb4\" class=\"wp-block-themeisle-blocks-advanced-column\">\n<figure class=\"wp-block-image size-large\"><img loading=\"lazy\" decoding=\"async\" width=\"576\" height=\"1024\" src=\"http:\/\/glos-ojca.pl\/wp-content\/uploads\/2022\/04\/20211216_185135-576x1024.jpg\" alt=\"\" class=\"wp-image-177\" srcset=\"https:\/\/glos-ojca.pl\/wp-content\/uploads\/2022\/04\/20211216_185135-576x1024.jpg 576w, https:\/\/glos-ojca.pl\/wp-content\/uploads\/2022\/04\/20211216_185135-169x300.jpg 169w, https:\/\/glos-ojca.pl\/wp-content\/uploads\/2022\/04\/20211216_185135-7x12.jpg 7w, https:\/\/glos-ojca.pl\/wp-content\/uploads\/2022\/04\/20211216_185135.jpg 675w\" sizes=\"auto, (max-width: 576px) 100vw, 576px\" \/><\/figure>\n<\/div>\n\n\n\n<div id=\"wp-block-themeisle-blocks-advanced-column-e0a218d6\" class=\"wp-block-themeisle-blocks-advanced-column\">\n<figure class=\"wp-block-image size-large\"><img loading=\"lazy\" decoding=\"async\" width=\"1024\" height=\"576\" src=\"http:\/\/glos-ojca.pl\/wp-content\/uploads\/2022\/04\/20211216_190327-1024x576.jpg\" alt=\"\" class=\"wp-image-178\" srcset=\"https:\/\/glos-ojca.pl\/wp-content\/uploads\/2022\/04\/20211216_190327-1024x576.jpg 1024w, https:\/\/glos-ojca.pl\/wp-content\/uploads\/2022\/04\/20211216_190327-300x169.jpg 300w, https:\/\/glos-ojca.pl\/wp-content\/uploads\/2022\/04\/20211216_190327-768x432.jpg 768w, https:\/\/glos-ojca.pl\/wp-content\/uploads\/2022\/04\/20211216_190327-18x10.jpg 18w, https:\/\/glos-ojca.pl\/wp-content\/uploads\/2022\/04\/20211216_190327.jpg 1200w\" sizes=\"auto, (max-width: 1024px) 100vw, 1024px\" \/><\/figure>\n<\/div>\n<\/div><\/section>\n<\/div>\n<\/div><\/section>\n","protected":false},"excerpt":{"rendered":"","protected":false},"author":1,"featured_media":0,"parent":0,"menu_order":0,"comment_status":"closed","ping_status":"closed","template":"","meta":{"_themeisle_gutenberg_block_has_review":false,"footnotes":""},"class_list":["post-175","page","type-page","status-publish","hentry"],"_links":{"self":[{"href":"https:\/\/glos-ojca.pl\/index.php\/wp-json\/wp\/v2\/pages\/175","targetHints":{"allow":["GET"]}}],"collection":[{"href":"https:\/\/glos-ojca.pl\/index.php\/wp-json\/wp\/v2\/pages"}],"about":[{"href":"https:\/\/glos-ojca.pl\/index.php\/wp-json\/wp\/v2\/types\/page"}],"author":[{"embeddable":true,"href":"https:\/\/glos-ojca.pl\/index.php\/wp-json\/wp\/v2\/users\/1"}],"replies":[{"embeddable":true,"href":"https:\/\/glos-ojca.pl\/index.php\/wp-json\/wp\/v2\/comments?post=175"}],"version-history":[{"count":1,"href":"https:\/\/glos-ojca.pl\/index.php\/wp-json\/wp\/v2\/pages\/175\/revisions"}],"predecessor-version":[{"id":179,"href":"https:\/\/glos-ojca.pl\/index.php\/wp-json\/wp\/v2\/pages\/175\/revisions\/179"}],"wp:attachment":[{"href":"https:\/\/glos-ojca.pl\/index.php\/wp-json\/wp\/v2\/media?parent=175"}],"curies":[{"name":"wp","href":"https:\/\/api.w.org\/{rel}","templated":true}]}}