{"id":73,"date":"2022-03-30T17:41:40","date_gmt":"2022-03-30T15:41:40","guid":{"rendered":"http:\/\/glos-ojca.pl\/?page_id=73"},"modified":"2022-03-30T20:23:15","modified_gmt":"2022-03-30T18:23:15","slug":"przebieg-spotkania","status":"publish","type":"page","link":"https:\/\/glos-ojca.pl\/index.php\/przebieg-spotkania\/","title":{"rendered":"Przebieg spotkania"},"content":{"rendered":"\n<div id=\"wp-block-themeisle-blocks-advanced-columns-001506ae\" class=\"wp-block-themeisle-blocks-advanced-columns has-2-columns has-desktop-twoOne-layout has-tablet-equal-layout has-mobile-equal-layout has-vertical-unset\"><div class=\"wp-block-themeisle-blocks-advanced-columns-overlay\"><\/div><div class=\"innerblocks-wrap\">\n<div id=\"wp-block-themeisle-blocks-advanced-column-6dee4416\" class=\"wp-block-themeisle-blocks-advanced-column\">\n<p><strong>Spotkanie zaczynamy od modlitwy. <\/strong><br>Nast\u0119pnie czytamy S\u0142owo Bo\u017ce z najbli\u017cszej niedzieli. Ch\u0119tni czytaj\u0105 na g\u0142os czytania, psalm i Ewangelie, po czym nast\u0119puje czas ciszy&#8230;\u00a0<\/p>\n\n\n\n<p>Wierzymy, \u017ce cisza jest pe\u0142ni\u0105 S\u0142owa, kt\u00f3re dotyka nas i przemienia. To czas na to aby B\u00f3g przem\u00f3wi\u0142 do nas bo trudno Go us\u0142ysze\u0107 w \u015bwiecie pe\u0142nym ha\u0142asu, kt\u00f3ry jest przepe\u0142niony informacjami.&nbsp;<\/p>\n\n\n\n<p>Po zako\u0144czeniu tej chwili w milczeniu nast\u0119puje czas dzielenia si\u0119 tym, jak nas to S\u0142owo poruszy\u0142o, jak do nas przem\u00f3wi\u0142o. W tym czasie nie przerywamy sobie wypowiedzi, s\u0142uchamy z uwaga tego co ka\u017cdy ma do powiedzenia.&nbsp;<\/p>\n\n\n\n<p><\/p>\n<\/div>\n\n\n\n<div id=\"wp-block-themeisle-blocks-advanced-column-17e1630d\" class=\"wp-block-themeisle-blocks-advanced-column\">\n<figure class=\"wp-block-image size-full is-style-rounded\" id=\"wp-block-themeisle-blocks-image-72b082e6\"><img loading=\"lazy\" decoding=\"async\" width=\"500\" height=\"750\" src=\"http:\/\/glos-ojca.pl\/wp-content\/uploads\/2022\/03\/947500_czytaniebiblii_C1200x1200-syTVK1.png.webp\" alt=\"\" class=\"wp-image-111\" srcset=\"https:\/\/glos-ojca.pl\/wp-content\/uploads\/2022\/03\/947500_czytaniebiblii_C1200x1200-syTVK1.png.webp 500w, https:\/\/glos-ojca.pl\/wp-content\/uploads\/2022\/03\/947500_czytaniebiblii_C1200x1200-syTVK1.png-200x300.webp 200w, https:\/\/glos-ojca.pl\/wp-content\/uploads\/2022\/03\/947500_czytaniebiblii_C1200x1200-syTVK1.png-8x12.webp 8w\" sizes=\"auto, (max-width: 500px) 100vw, 500px\" \/><\/figure>\n<\/div>\n<\/div><\/div>\n\n\n\n<p>Je\u015bli sko\u0144czy\u0142e\u015b wypowied\u017a ale nadal trzymasz Pismo \u015awi\u0119te w r\u0119ku, jest to sygna\u0142 dla wszystkich, \u017ce jeszcze b\u0119dziesz chcia\u0142 co\u015b powiedzie\u0107 bo by\u0107 mo\u017ce, dzielenie kt\u00f3rego\u015b z koleg\u00f3w w odniesieniu do S\u0142owa, co\u015b wa\u017cnego Ci u\u015bwiadomi\u0142o.\u00a0<\/p>\n\n\n\n<p>Gdy wszyscy od\u0142o\u017c\u0105 swoje Pisma \u015awi\u0119te, jest to wyra\u017any znak, \u017ce mo\u017cemy przej\u015b\u0107 do swobodnej rozmowy a one s\u0105 przer\u00f3\u017cne, od temat\u00f3w duchowych, ko\u015bcielnych, poprzez codzienno\u015b\u0107, problemy&nbsp; a sko\u0144czywszy na organizacji wsp\u00f3lnego czasu z dzie\u0107mi.<\/p>\n\n\n\n<p><strong>Spotkanie ko\u0144czyny modlitwa. <\/strong><\/p>\n\n\n\n<p>Niekt\u00f3rzy, staraj\u0105 si\u0119 medytacje nad niedzielnym S\u0142owem wprowadzi\u0107 do swoich rodzin, je\u015bli si\u0119 udaje ja zrealizowa\u0107, ch\u0119tni dziel\u0105 si\u0119 tym co poruszy\u0142o rodziny, jak uda\u0142o si\u0119 rozwa\u017canie na spotkaniach wsp\u00f3lnoty.<\/p>\n","protected":false},"excerpt":{"rendered":"<p>Je\u015bli sko\u0144czy\u0142e\u015b wypowied\u017a ale nadal trzymasz Pismo \u015awi\u0119te w r\u0119ku, jest to sygna\u0142 dla wszystkich, \u017ce jeszcze b\u0119dziesz chcia\u0142 co\u015b powiedzie\u0107 bo by\u0107 mo\u017ce, dzielenie kt\u00f3rego\u015b z koleg\u00f3w w odniesieniu do S\u0142owa, co\u015b wa\u017cnego Ci u\u015bwiadomi\u0142o.\u00a0 Gdy wszyscy od\u0142o\u017c\u0105 swoje Pisma \u015awi\u0119te, jest to wyra\u017any znak, \u017ce mo\u017cemy przej\u015b\u0107 do [&hellip;]<\/p>\n","protected":false},"author":1,"featured_media":0,"parent":0,"menu_order":0,"comment_status":"closed","ping_status":"closed","template":"","meta":{"_themeisle_gutenberg_block_has_review":false,"footnotes":""},"class_list":["post-73","page","type-page","status-publish","hentry"],"_links":{"self":[{"href":"https:\/\/glos-ojca.pl\/index.php\/wp-json\/wp\/v2\/pages\/73","targetHints":{"allow":["GET"]}}],"collection":[{"href":"https:\/\/glos-ojca.pl\/index.php\/wp-json\/wp\/v2\/pages"}],"about":[{"href":"https:\/\/glos-ojca.pl\/index.php\/wp-json\/wp\/v2\/types\/page"}],"author":[{"embeddable":true,"href":"https:\/\/glos-ojca.pl\/index.php\/wp-json\/wp\/v2\/users\/1"}],"replies":[{"embeddable":true,"href":"https:\/\/glos-ojca.pl\/index.php\/wp-json\/wp\/v2\/comments?post=73"}],"version-history":[{"count":6,"href":"https:\/\/glos-ojca.pl\/index.php\/wp-json\/wp\/v2\/pages\/73\/revisions"}],"predecessor-version":[{"id":121,"href":"https:\/\/glos-ojca.pl\/index.php\/wp-json\/wp\/v2\/pages\/73\/revisions\/121"}],"wp:attachment":[{"href":"https:\/\/glos-ojca.pl\/index.php\/wp-json\/wp\/v2\/media?parent=73"}],"curies":[{"name":"wp","href":"https:\/\/api.w.org\/{rel}","templated":true}]}}